{"id":2006,"date":"2022-01-05T22:33:57","date_gmt":"2022-01-05T22:33:57","guid":{"rendered":"https:\/\/www.costamedicalservices.com\/sjukhus-vardcentraler\/"},"modified":"2022-05-07T12:16:06","modified_gmt":"2022-05-07T12:16:06","slug":"sjukhus-vardcentraler","status":"publish","type":"page","link":"https:\/\/www.costamedicalservices.com\/sv\/sjukhus-vardcentraler\/","title":{"rendered":"Sjukhus \/ V\u00e5rdcentraler"},"content":{"rendered":"\t\t<div data-elementor-type=\"wp-page\" data-elementor-id=\"2006\" class=\"elementor elementor-2006 elementor-1422\" data-elementor-post-type=\"page\">\n\t\t\t\t\t\t<section class=\"elementor-section elementor-top-section elementor-element elementor-element-63b61bc9 elementor-section-boxed elementor-section-height-default elementor-section-height-default\" data-id=\"63b61bc9\" data-element_type=\"section\" data-e-type=\"section\" data-settings=\"{&quot;jet_parallax_layout_list&quot;:[{&quot;jet_parallax_layout_image&quot;:{&quot;url&quot;:&quot;&quot;,&quot;id&quot;:&quot;&quot;,&quot;size&quot;:&quot;&quot;},&quot;_id&quot;:&quot;44042ec&quot;,&quot;jet_parallax_layout_image_tablet&quot;:{&quot;url&quot;:&quot;&quot;,&quot;id&quot;:&quot;&quot;,&quot;size&quot;:&quot;&quot;},&quot;jet_parallax_layout_image_mobile&quot;:{&quot;url&quot;:&quot;&quot;,&quot;id&quot;:&quot;&quot;,&quot;size&quot;:&quot;&quot;},&quot;jet_parallax_layout_speed&quot;:{&quot;unit&quot;:&quot;%&quot;,&quot;size&quot;:50,&quot;sizes&quot;:[]},&quot;jet_parallax_layout_type&quot;:&quot;scroll&quot;,&quot;jet_parallax_layout_direction&quot;:&quot;1&quot;,&quot;jet_parallax_layout_fx_direction&quot;:null,&quot;jet_parallax_layout_z_index&quot;:&quot;&quot;,&quot;jet_parallax_layout_bg_x&quot;:50,&quot;jet_parallax_layout_bg_x_tablet&quot;:&quot;&quot;,&quot;jet_parallax_layout_bg_x_mobile&quot;:&quot;&quot;,&quot;jet_parallax_layout_bg_y&quot;:50,&quot;jet_parallax_layout_bg_y_tablet&quot;:&quot;&quot;,&quot;jet_parallax_layout_bg_y_mobile&quot;:&quot;&quot;,&quot;jet_parallax_layout_bg_size&quot;:&quot;auto&quot;,&quot;jet_parallax_layout_bg_size_tablet&quot;:&quot;&quot;,&quot;jet_parallax_layout_bg_size_mobile&quot;:&quot;&quot;,&quot;jet_parallax_layout_animation_prop&quot;:&quot;transform&quot;,&quot;jet_parallax_layout_on&quot;:[&quot;desktop&quot;,&quot;tablet&quot;]}],&quot;background_background&quot;:&quot;classic&quot;}\">\n\t\t\t\t\t\t<div class=\"elementor-container elementor-column-gap-default\">\n\t\t\t\t\t<div class=\"elementor-column elementor-col-100 elementor-top-column elementor-element elementor-element-3733f5a5\" data-id=\"3733f5a5\" data-element_type=\"column\" data-e-type=\"column\">\n\t\t\t<div class=\"elementor-widget-wrap elementor-element-populated\">\n\t\t\t\t\t\t<div class=\"elementor-element elementor-element-20f86165 elementor-widget__width-initial elementor-widget elementor-widget-heading\" data-id=\"20f86165\" data-element_type=\"widget\" data-e-type=\"widget\" data-widget_type=\"heading.default\">\n\t\t\t\t<div class=\"elementor-widget-container\">\n\t\t\t\t\t<h1 class=\"elementor-heading-title elementor-size-default\">V\u00e5rdcentraler <\/h1>\t\t\t\t<\/div>\n\t\t\t\t<\/div>\n\t\t\t\t\t<\/div>\n\t\t<\/div>\n\t\t\t\t\t<\/div>\n\t\t<\/section>\n\t\t\t\t<section class=\"elementor-section elementor-top-section elementor-element elementor-element-16f51676 elementor-section-boxed elementor-section-height-default elementor-section-height-default\" data-id=\"16f51676\" data-element_type=\"section\" data-e-type=\"section\" data-settings=\"{&quot;jet_parallax_layout_list&quot;:[{&quot;jet_parallax_layout_image&quot;:{&quot;url&quot;:&quot;&quot;,&quot;id&quot;:&quot;&quot;,&quot;size&quot;:&quot;&quot;},&quot;_id&quot;:&quot;495a8c1&quot;,&quot;jet_parallax_layout_image_tablet&quot;:{&quot;url&quot;:&quot;&quot;,&quot;id&quot;:&quot;&quot;,&quot;size&quot;:&quot;&quot;},&quot;jet_parallax_layout_image_mobile&quot;:{&quot;url&quot;:&quot;&quot;,&quot;id&quot;:&quot;&quot;,&quot;size&quot;:&quot;&quot;},&quot;jet_parallax_layout_speed&quot;:{&quot;unit&quot;:&quot;%&quot;,&quot;size&quot;:50,&quot;sizes&quot;:[]},&quot;jet_parallax_layout_type&quot;:&quot;scroll&quot;,&quot;jet_parallax_layout_direction&quot;:&quot;1&quot;,&quot;jet_parallax_layout_fx_direction&quot;:null,&quot;jet_parallax_layout_z_index&quot;:&quot;&quot;,&quot;jet_parallax_layout_bg_x&quot;:50,&quot;jet_parallax_layout_bg_x_tablet&quot;:&quot;&quot;,&quot;jet_parallax_layout_bg_x_mobile&quot;:&quot;&quot;,&quot;jet_parallax_layout_bg_y&quot;:50,&quot;jet_parallax_layout_bg_y_tablet&quot;:&quot;&quot;,&quot;jet_parallax_layout_bg_y_mobile&quot;:&quot;&quot;,&quot;jet_parallax_layout_bg_size&quot;:&quot;auto&quot;,&quot;jet_parallax_layout_bg_size_tablet&quot;:&quot;&quot;,&quot;jet_parallax_layout_bg_size_mobile&quot;:&quot;&quot;,&quot;jet_parallax_layout_animation_prop&quot;:&quot;transform&quot;,&quot;jet_parallax_layout_on&quot;:[&quot;desktop&quot;,&quot;tablet&quot;]}]}\">\n\t\t\t\t\t\t<div class=\"elementor-container elementor-column-gap-default\">\n\t\t\t\t\t<div class=\"elementor-column elementor-col-100 elementor-top-column elementor-element elementor-element-9b0db3d\" data-id=\"9b0db3d\" data-element_type=\"column\" data-e-type=\"column\" data-settings=\"{&quot;background_background&quot;:&quot;classic&quot;}\">\n\t\t\t<div class=\"elementor-widget-wrap elementor-element-populated\">\n\t\t\t\t\t\t<div class=\"elementor-element elementor-element-33730f53 elementor-widget elementor-widget-heading\" data-id=\"33730f53\" data-element_type=\"widget\" data-e-type=\"widget\" data-widget_type=\"heading.default\">\n\t\t\t\t<div class=\"elementor-widget-container\">\n\t\t\t\t\t<h2 class=\"elementor-heading-title elementor-size-default\">Sjukhus <br>\nV\u00e5rdcentraler<\/h2>\t\t\t\t<\/div>\n\t\t\t\t<\/div>\n\t\t\t\t<section class=\"elementor-section elementor-inner-section elementor-element elementor-element-7d654aea elementor-section-boxed elementor-section-height-default elementor-section-height-default\" data-id=\"7d654aea\" data-element_type=\"section\" data-e-type=\"section\" data-settings=\"{&quot;jet_parallax_layout_list&quot;:[{&quot;jet_parallax_layout_image&quot;:{&quot;url&quot;:&quot;&quot;,&quot;id&quot;:&quot;&quot;,&quot;size&quot;:&quot;&quot;},&quot;_id&quot;:&quot;51950c1&quot;,&quot;jet_parallax_layout_image_tablet&quot;:{&quot;url&quot;:&quot;&quot;,&quot;id&quot;:&quot;&quot;,&quot;size&quot;:&quot;&quot;},&quot;jet_parallax_layout_image_mobile&quot;:{&quot;url&quot;:&quot;&quot;,&quot;id&quot;:&quot;&quot;,&quot;size&quot;:&quot;&quot;},&quot;jet_parallax_layout_speed&quot;:{&quot;unit&quot;:&quot;%&quot;,&quot;size&quot;:50,&quot;sizes&quot;:[]},&quot;jet_parallax_layout_type&quot;:&quot;scroll&quot;,&quot;jet_parallax_layout_direction&quot;:&quot;1&quot;,&quot;jet_parallax_layout_fx_direction&quot;:null,&quot;jet_parallax_layout_z_index&quot;:&quot;&quot;,&quot;jet_parallax_layout_bg_x&quot;:50,&quot;jet_parallax_layout_bg_x_tablet&quot;:&quot;&quot;,&quot;jet_parallax_layout_bg_x_mobile&quot;:&quot;&quot;,&quot;jet_parallax_layout_bg_y&quot;:50,&quot;jet_parallax_layout_bg_y_tablet&quot;:&quot;&quot;,&quot;jet_parallax_layout_bg_y_mobile&quot;:&quot;&quot;,&quot;jet_parallax_layout_bg_size&quot;:&quot;auto&quot;,&quot;jet_parallax_layout_bg_size_tablet&quot;:&quot;&quot;,&quot;jet_parallax_layout_bg_size_mobile&quot;:&quot;&quot;,&quot;jet_parallax_layout_animation_prop&quot;:&quot;transform&quot;,&quot;jet_parallax_layout_on&quot;:[&quot;desktop&quot;,&quot;tablet&quot;]}]}\">\n\t\t\t\t\t\t<div class=\"elementor-container elementor-column-gap-default\">\n\t\t\t\t\t<div class=\"elementor-column elementor-col-50 elementor-inner-column elementor-element elementor-element-7fd78f80\" data-id=\"7fd78f80\" data-element_type=\"column\" data-e-type=\"column\">\n\t\t\t<div class=\"elementor-widget-wrap elementor-element-populated\">\n\t\t\t\t\t\t<div class=\"elementor-element elementor-element-6cce013 elementor-widget elementor-widget-text-editor\" data-id=\"6cce013\" data-element_type=\"widget\" data-e-type=\"widget\" data-widget_type=\"text-editor.default\">\n\t\t\t\t<div class=\"elementor-widget-container\">\n\t\t\t\t\t\t\t\t\t<p><strong>Doctor \/ Lakare 24h \u2013 Costa Medical Services<\/strong> best\u00e5r av ett team av svensk och engelsk peronal.<\/p><p>Ring oss s\u00e5 kan ett av v\u00e5ra proffs hj\u00e4lpa dig med ditt medicinska problem, oavsett om det \u00e4r en telefonkonsultation, en l\u00e4kare till ditt hem \/ hotel eller att boka tid p\u00e5 ett av v\u00e5ra sjukhus \/ vardcentraler.<\/p><p>Vi samarbetar med v\u00e5rdcentraler och sjukhus \u00f6ver hela Costa Del Sol (<em style=\"color: var( --e-global-color-text ); letter-spacing: 0.1px; font-size: 1rem;\">Marbella, Benalm\u00e1dena, Torremolinos, M\u00e1laga, Torrox, Nerja, Frigiliana<\/em><span style=\"color: var( --e-global-color-text ); letter-spacing: 0.1px; font-size: 1rem;\">) and The Costa Tropical (<\/span><em style=\"color: var( --e-global-color-text ); letter-spacing: 0.1px; font-size: 1rem;\">La Herradura, Almu\u00f1\u00e9car<\/em><span style=\"color: var( --e-global-color-text ); letter-spacing: 0.1px; font-size: 1rem;\">).<\/span><\/p><p><span style=\"color: var( --e-global-color-text ); letter-spacing: 0.1px; font-size: 1rem;\"> <\/span><\/p><h2 style=\"text-align: center;\"><span style=\"color: #ff0000;\"><strong>24h N\u00f6dtelefon <\/strong><\/span><\/h2><h2 style=\"text-align: center;\"><strong><span style=\"color: #0000ff;\">(+34) 624 64 99 77  <\/span><\/strong> <\/h2>\t\t\t\t\t\t\t\t<\/div>\n\t\t\t\t<\/div>\n\t\t\t\t\t<\/div>\n\t\t<\/div>\n\t\t\t\t<div class=\"elementor-column elementor-col-50 elementor-inner-column elementor-element elementor-element-11d53acd\" data-id=\"11d53acd\" data-element_type=\"column\" data-e-type=\"column\">\n\t\t\t<div class=\"elementor-widget-wrap elementor-element-populated\">\n\t\t\t\t\t\t<div class=\"elementor-element elementor-element-17a1afc animated-slow elementor-invisible elementor-widget elementor-widget-image\" data-id=\"17a1afc\" data-element_type=\"widget\" data-e-type=\"widget\" data-settings=\"{&quot;_animation&quot;:&quot;zoomIn&quot;}\" data-widget_type=\"image.default\">\n\t\t\t\t<div class=\"elementor-widget-container\">\n\t\t\t\t\t\t\t\t\t\t\t\t\t\t\t\t<a href=\"https:\/\/www.costamedicalservices.com\/wp-content\/uploads\/2020\/03\/Map7.png\" data-elementor-open-lightbox=\"yes\" data-elementor-lightbox-title=\"Map7\" data-e-action-hash=\"#elementor-action%3Aaction%3Dlightbox%26settings%3DeyJpZCI6MjA2NCwidXJsIjoiaHR0cHM6XC9cL3d3dy5jb3N0YW1lZGljYWxzZXJ2aWNlcy5jb21cL3dwLWNvbnRlbnRcL3VwbG9hZHNcLzIwMjBcLzAzXC9NYXA3LnBuZyJ9\">\n\t\t\t\t\t\t\t<img fetchpriority=\"high\" decoding=\"async\" width=\"699\" height=\"353\" src=\"https:\/\/www.costamedicalservices.com\/wp-content\/uploads\/2020\/03\/Map7.png\" class=\"attachment-full size-full wp-image-2064\" alt=\"\" srcset=\"https:\/\/www.costamedicalservices.com\/wp-content\/uploads\/2020\/03\/Map7.png 699w, https:\/\/www.costamedicalservices.com\/wp-content\/uploads\/2020\/03\/Map7-300x152.png 300w, https:\/\/www.costamedicalservices.com\/wp-content\/uploads\/2020\/03\/Map7-600x303.png 600w\" sizes=\"(max-width: 699px) 100vw, 699px\" \/>\t\t\t\t\t\t\t\t<\/a>\n\t\t\t\t\t\t\t\t\t\t\t\t\t\t\t<\/div>\n\t\t\t\t<\/div>\n\t\t\t\t\t<\/div>\n\t\t<\/div>\n\t\t\t\t\t<\/div>\n\t\t<\/section>\n\t\t\t\t\t<\/div>\n\t\t<\/div>\n\t\t\t\t\t<\/div>\n\t\t<\/section>\n\t\t\t\t<\/div>\n\t\t","protected":false},"excerpt":{"rendered":"<p>V\u00e5rdcentraler Sjukhus V\u00e5rdcentraler Doctor \/ Lakare 24h \u2013 Costa Medical Services best\u00e5r av ett team av svensk och engelsk peronal. Ring oss s\u00e5 kan ett av v\u00e5ra proffs hj\u00e4lpa dig med ditt medicinska problem, oavsett om det \u00e4r en telefonkonsultation, en l\u00e4kare till ditt hem \/ hotel eller att boka tid p\u00e5 ett av v\u00e5ra [&hellip;]<\/p>\n","protected":false},"author":4,"featured_media":0,"parent":0,"menu_order":0,"comment_status":"closed","ping_status":"closed","template":"elementor_header_footer","meta":{"_monsterinsights_skip_tracking":false,"_monsterinsights_sitenote_active":false,"_monsterinsights_sitenote_note":"","_monsterinsights_sitenote_category":0,"footnotes":""},"class_list":["post-2006","page","type-page","status-publish","hentry"],"yoast_head":"<!-- This site is optimized with the Yoast SEO plugin v27.5 - https:\/\/yoast.com\/product\/yoast-seo-wordpress\/ -->\n<title>Sjukhus \/ V\u00e5rdcentraler - English Speaking Doctor<\/title>\n<meta name=\"robots\" content=\"index, follow, max-snippet:-1, max-image-preview:large, max-video-preview:-1\" \/>\n<link rel=\"canonical\" href=\"https:\/\/www.costamedicalservices.com\/sv\/sjukhus-vardcentraler\/\" \/>\n<meta property=\"og:locale\" content=\"sv_SE\" \/>\n<meta property=\"og:type\" content=\"article\" \/>\n<meta property=\"og:title\" content=\"Sjukhus \/ V\u00e5rdcentraler - English Speaking Doctor\" \/>\n<meta property=\"og:description\" content=\"V\u00e5rdcentraler Sjukhus V\u00e5rdcentraler Doctor \/ Lakare 24h \u2013 Costa Medical Services best\u00e5r av ett team av svensk och engelsk peronal. Ring oss s\u00e5 kan ett av v\u00e5ra proffs hj\u00e4lpa dig med ditt medicinska problem, oavsett om det \u00e4r en telefonkonsultation, en l\u00e4kare till ditt hem \/ hotel eller att boka tid p\u00e5 ett av v\u00e5ra [&hellip;]\" \/>\n<meta property=\"og:url\" content=\"https:\/\/www.costamedicalservices.com\/sv\/sjukhus-vardcentraler\/\" \/>\n<meta property=\"og:site_name\" content=\"English Speaking Doctor\" \/>\n<meta property=\"article:modified_time\" content=\"2022-05-07T12:16:06+00:00\" \/>\n<meta property=\"og:image\" content=\"https:\/\/www.costamedicalservices.com\/wp-content\/uploads\/2020\/03\/Map7.png\" \/>\n<meta name=\"twitter:card\" content=\"summary_large_image\" \/>\n<script type=\"application\/ld+json\" class=\"yoast-schema-graph\">{\"@context\":\"https:\\\/\\\/schema.org\",\"@graph\":[{\"@type\":\"WebPage\",\"@id\":\"https:\\\/\\\/www.costamedicalservices.com\\\/sv\\\/sjukhus-vardcentraler\\\/\",\"url\":\"https:\\\/\\\/www.costamedicalservices.com\\\/sv\\\/sjukhus-vardcentraler\\\/\",\"name\":\"Sjukhus \\\/ V\u00e5rdcentraler - English Speaking Doctor\",\"isPartOf\":{\"@id\":\"https:\\\/\\\/www.costamedicalservices.com\\\/#website\"},\"primaryImageOfPage\":{\"@id\":\"https:\\\/\\\/www.costamedicalservices.com\\\/sv\\\/sjukhus-vardcentraler\\\/#primaryimage\"},\"image\":{\"@id\":\"https:\\\/\\\/www.costamedicalservices.com\\\/sv\\\/sjukhus-vardcentraler\\\/#primaryimage\"},\"thumbnailUrl\":\"https:\\\/\\\/www.costamedicalservices.com\\\/wp-content\\\/uploads\\\/2020\\\/03\\\/Map7.png\",\"datePublished\":\"2022-01-05T22:33:57+00:00\",\"dateModified\":\"2022-05-07T12:16:06+00:00\",\"breadcrumb\":{\"@id\":\"https:\\\/\\\/www.costamedicalservices.com\\\/sv\\\/sjukhus-vardcentraler\\\/#breadcrumb\"},\"inLanguage\":\"sv-SE\",\"potentialAction\":[{\"@type\":\"ReadAction\",\"target\":[\"https:\\\/\\\/www.costamedicalservices.com\\\/sv\\\/sjukhus-vardcentraler\\\/\"]}]},{\"@type\":\"ImageObject\",\"inLanguage\":\"sv-SE\",\"@id\":\"https:\\\/\\\/www.costamedicalservices.com\\\/sv\\\/sjukhus-vardcentraler\\\/#primaryimage\",\"url\":\"https:\\\/\\\/www.costamedicalservices.com\\\/wp-content\\\/uploads\\\/2020\\\/03\\\/Map7.png\",\"contentUrl\":\"https:\\\/\\\/www.costamedicalservices.com\\\/wp-content\\\/uploads\\\/2020\\\/03\\\/Map7.png\"},{\"@type\":\"BreadcrumbList\",\"@id\":\"https:\\\/\\\/www.costamedicalservices.com\\\/sv\\\/sjukhus-vardcentraler\\\/#breadcrumb\",\"itemListElement\":[{\"@type\":\"ListItem\",\"position\":1,\"name\":\"Home\",\"item\":\"https:\\\/\\\/www.costamedicalservices.com\\\/sv\\\/\"},{\"@type\":\"ListItem\",\"position\":2,\"name\":\"Sjukhus \\\/ V\u00e5rdcentraler\"}]},{\"@type\":\"WebSite\",\"@id\":\"https:\\\/\\\/www.costamedicalservices.com\\\/#website\",\"url\":\"https:\\\/\\\/www.costamedicalservices.com\\\/\",\"name\":\"English Speaking Doctor\",\"description\":\"English Speaking Doctor\",\"publisher\":{\"@id\":\"https:\\\/\\\/www.costamedicalservices.com\\\/#organization\"},\"potentialAction\":[{\"@type\":\"SearchAction\",\"target\":{\"@type\":\"EntryPoint\",\"urlTemplate\":\"https:\\\/\\\/www.costamedicalservices.com\\\/?s={search_term_string}\"},\"query-input\":{\"@type\":\"PropertyValueSpecification\",\"valueRequired\":true,\"valueName\":\"search_term_string\"}}],\"inLanguage\":\"sv-SE\"},{\"@type\":\"Organization\",\"@id\":\"https:\\\/\\\/www.costamedicalservices.com\\\/#organization\",\"name\":\"English Speaking Doctor\",\"url\":\"https:\\\/\\\/www.costamedicalservices.com\\\/\",\"logo\":{\"@type\":\"ImageObject\",\"inLanguage\":\"sv-SE\",\"@id\":\"https:\\\/\\\/www.costamedicalservices.com\\\/#\\\/schema\\\/logo\\\/image\\\/\",\"url\":\"https:\\\/\\\/www.costamedicalservices.com\\\/wp-content\\\/uploads\\\/2021\\\/12\\\/cropped-logo-bright.png\",\"contentUrl\":\"https:\\\/\\\/www.costamedicalservices.com\\\/wp-content\\\/uploads\\\/2021\\\/12\\\/cropped-logo-bright.png\",\"width\":343,\"height\":347,\"caption\":\"English Speaking Doctor\"},\"image\":{\"@id\":\"https:\\\/\\\/www.costamedicalservices.com\\\/#\\\/schema\\\/logo\\\/image\\\/\"}}]}<\/script>\n<!-- \/ Yoast SEO plugin. -->","yoast_head_json":{"title":"Sjukhus \/ V\u00e5rdcentraler - English Speaking Doctor","robots":{"index":"index","follow":"follow","max-snippet":"max-snippet:-1","max-image-preview":"max-image-preview:large","max-video-preview":"max-video-preview:-1"},"canonical":"https:\/\/www.costamedicalservices.com\/sv\/sjukhus-vardcentraler\/","og_locale":"sv_SE","og_type":"article","og_title":"Sjukhus \/ V\u00e5rdcentraler - English Speaking Doctor","og_description":"V\u00e5rdcentraler Sjukhus V\u00e5rdcentraler Doctor \/ Lakare 24h \u2013 Costa Medical Services best\u00e5r av ett team av svensk och engelsk peronal. Ring oss s\u00e5 kan ett av v\u00e5ra proffs hj\u00e4lpa dig med ditt medicinska problem, oavsett om det \u00e4r en telefonkonsultation, en l\u00e4kare till ditt hem \/ hotel eller att boka tid p\u00e5 ett av v\u00e5ra [&hellip;]","og_url":"https:\/\/www.costamedicalservices.com\/sv\/sjukhus-vardcentraler\/","og_site_name":"English Speaking Doctor","article_modified_time":"2022-05-07T12:16:06+00:00","og_image":[{"url":"https:\/\/www.costamedicalservices.com\/wp-content\/uploads\/2020\/03\/Map7.png","type":"","width":"","height":""}],"twitter_card":"summary_large_image","schema":{"@context":"https:\/\/schema.org","@graph":[{"@type":"WebPage","@id":"https:\/\/www.costamedicalservices.com\/sv\/sjukhus-vardcentraler\/","url":"https:\/\/www.costamedicalservices.com\/sv\/sjukhus-vardcentraler\/","name":"Sjukhus \/ V\u00e5rdcentraler - English Speaking Doctor","isPartOf":{"@id":"https:\/\/www.costamedicalservices.com\/#website"},"primaryImageOfPage":{"@id":"https:\/\/www.costamedicalservices.com\/sv\/sjukhus-vardcentraler\/#primaryimage"},"image":{"@id":"https:\/\/www.costamedicalservices.com\/sv\/sjukhus-vardcentraler\/#primaryimage"},"thumbnailUrl":"https:\/\/www.costamedicalservices.com\/wp-content\/uploads\/2020\/03\/Map7.png","datePublished":"2022-01-05T22:33:57+00:00","dateModified":"2022-05-07T12:16:06+00:00","breadcrumb":{"@id":"https:\/\/www.costamedicalservices.com\/sv\/sjukhus-vardcentraler\/#breadcrumb"},"inLanguage":"sv-SE","potentialAction":[{"@type":"ReadAction","target":["https:\/\/www.costamedicalservices.com\/sv\/sjukhus-vardcentraler\/"]}]},{"@type":"ImageObject","inLanguage":"sv-SE","@id":"https:\/\/www.costamedicalservices.com\/sv\/sjukhus-vardcentraler\/#primaryimage","url":"https:\/\/www.costamedicalservices.com\/wp-content\/uploads\/2020\/03\/Map7.png","contentUrl":"https:\/\/www.costamedicalservices.com\/wp-content\/uploads\/2020\/03\/Map7.png"},{"@type":"BreadcrumbList","@id":"https:\/\/www.costamedicalservices.com\/sv\/sjukhus-vardcentraler\/#breadcrumb","itemListElement":[{"@type":"ListItem","position":1,"name":"Home","item":"https:\/\/www.costamedicalservices.com\/sv\/"},{"@type":"ListItem","position":2,"name":"Sjukhus \/ V\u00e5rdcentraler"}]},{"@type":"WebSite","@id":"https:\/\/www.costamedicalservices.com\/#website","url":"https:\/\/www.costamedicalservices.com\/","name":"English Speaking Doctor","description":"English Speaking Doctor","publisher":{"@id":"https:\/\/www.costamedicalservices.com\/#organization"},"potentialAction":[{"@type":"SearchAction","target":{"@type":"EntryPoint","urlTemplate":"https:\/\/www.costamedicalservices.com\/?s={search_term_string}"},"query-input":{"@type":"PropertyValueSpecification","valueRequired":true,"valueName":"search_term_string"}}],"inLanguage":"sv-SE"},{"@type":"Organization","@id":"https:\/\/www.costamedicalservices.com\/#organization","name":"English Speaking Doctor","url":"https:\/\/www.costamedicalservices.com\/","logo":{"@type":"ImageObject","inLanguage":"sv-SE","@id":"https:\/\/www.costamedicalservices.com\/#\/schema\/logo\/image\/","url":"https:\/\/www.costamedicalservices.com\/wp-content\/uploads\/2021\/12\/cropped-logo-bright.png","contentUrl":"https:\/\/www.costamedicalservices.com\/wp-content\/uploads\/2021\/12\/cropped-logo-bright.png","width":343,"height":347,"caption":"English Speaking Doctor"},"image":{"@id":"https:\/\/www.costamedicalservices.com\/#\/schema\/logo\/image\/"}}]}},"_links":{"self":[{"href":"https:\/\/www.costamedicalservices.com\/sv\/wp-json\/wp\/v2\/pages\/2006","targetHints":{"allow":["GET"]}}],"collection":[{"href":"https:\/\/www.costamedicalservices.com\/sv\/wp-json\/wp\/v2\/pages"}],"about":[{"href":"https:\/\/www.costamedicalservices.com\/sv\/wp-json\/wp\/v2\/types\/page"}],"author":[{"embeddable":true,"href":"https:\/\/www.costamedicalservices.com\/sv\/wp-json\/wp\/v2\/users\/4"}],"replies":[{"embeddable":true,"href":"https:\/\/www.costamedicalservices.com\/sv\/wp-json\/wp\/v2\/comments?post=2006"}],"version-history":[{"count":6,"href":"https:\/\/www.costamedicalservices.com\/sv\/wp-json\/wp\/v2\/pages\/2006\/revisions"}],"predecessor-version":[{"id":2221,"href":"https:\/\/www.costamedicalservices.com\/sv\/wp-json\/wp\/v2\/pages\/2006\/revisions\/2221"}],"wp:attachment":[{"href":"https:\/\/www.costamedicalservices.com\/sv\/wp-json\/wp\/v2\/media?parent=2006"}],"curies":[{"name":"wp","href":"https:\/\/api.w.org\/{rel}","templated":true}]}}