{"id":2216,"date":"2022-05-07T11:53:58","date_gmt":"2022-05-07T11:53:58","guid":{"rendered":"https:\/\/www.costamedicalservices.com\/sos\/"},"modified":"2022-05-07T12:09:05","modified_gmt":"2022-05-07T12:09:05","slug":"sos","status":"publish","type":"page","link":"https:\/\/www.costamedicalservices.com\/sv\/sos\/","title":{"rendered":"SOS"},"content":{"rendered":"\t\t<div data-elementor-type=\"wp-page\" data-elementor-id=\"2216\" class=\"elementor elementor-2216 elementor-2186\" data-elementor-post-type=\"page\">\n\t\t\t\t\t\t<section class=\"elementor-section elementor-top-section elementor-element elementor-element-39c9c39 elementor-section-boxed elementor-section-height-default elementor-section-height-default\" data-id=\"39c9c39\" data-element_type=\"section\" data-e-type=\"section\" data-settings=\"{&quot;jet_parallax_layout_list&quot;:[{&quot;jet_parallax_layout_image&quot;:{&quot;url&quot;:&quot;&quot;,&quot;id&quot;:&quot;&quot;,&quot;size&quot;:&quot;&quot;},&quot;_id&quot;:&quot;9463d99&quot;,&quot;jet_parallax_layout_image_tablet&quot;:{&quot;url&quot;:&quot;&quot;,&quot;id&quot;:&quot;&quot;,&quot;size&quot;:&quot;&quot;},&quot;jet_parallax_layout_image_mobile&quot;:{&quot;url&quot;:&quot;&quot;,&quot;id&quot;:&quot;&quot;,&quot;size&quot;:&quot;&quot;},&quot;jet_parallax_layout_speed&quot;:{&quot;unit&quot;:&quot;%&quot;,&quot;size&quot;:50,&quot;sizes&quot;:[]},&quot;jet_parallax_layout_type&quot;:&quot;scroll&quot;,&quot;jet_parallax_layout_direction&quot;:&quot;1&quot;,&quot;jet_parallax_layout_fx_direction&quot;:null,&quot;jet_parallax_layout_z_index&quot;:&quot;&quot;,&quot;jet_parallax_layout_bg_x&quot;:50,&quot;jet_parallax_layout_bg_x_tablet&quot;:&quot;&quot;,&quot;jet_parallax_layout_bg_x_mobile&quot;:&quot;&quot;,&quot;jet_parallax_layout_bg_y&quot;:50,&quot;jet_parallax_layout_bg_y_tablet&quot;:&quot;&quot;,&quot;jet_parallax_layout_bg_y_mobile&quot;:&quot;&quot;,&quot;jet_parallax_layout_bg_size&quot;:&quot;auto&quot;,&quot;jet_parallax_layout_bg_size_tablet&quot;:&quot;&quot;,&quot;jet_parallax_layout_bg_size_mobile&quot;:&quot;&quot;,&quot;jet_parallax_layout_animation_prop&quot;:&quot;transform&quot;,&quot;jet_parallax_layout_on&quot;:[&quot;desktop&quot;,&quot;tablet&quot;]}]}\">\n\t\t\t\t\t\t<div class=\"elementor-container elementor-column-gap-default\">\n\t\t\t\t\t<div class=\"elementor-column elementor-col-100 elementor-top-column elementor-element elementor-element-4f486fc\" data-id=\"4f486fc\" data-element_type=\"column\" data-e-type=\"column\">\n\t\t\t<div class=\"elementor-widget-wrap elementor-element-populated\">\n\t\t\t\t\t\t<div class=\"elementor-element elementor-element-316302f elementor-widget elementor-widget-heading\" data-id=\"316302f\" data-element_type=\"widget\" data-e-type=\"widget\" data-widget_type=\"heading.default\">\n\t\t\t\t<div class=\"elementor-widget-container\">\n\t\t\t\t\t<h2 class=\"elementor-heading-title elementor-size-default\">F\u00f6r AKUT hj\u00e4lp p\u00e5 engelska \/ svenska ring 24\/7:<\/h2>\t\t\t\t<\/div>\n\t\t\t\t<\/div>\n\t\t\t\t\t<\/div>\n\t\t<\/div>\n\t\t\t\t\t<\/div>\n\t\t<\/section>\n\t\t\t\t<section class=\"elementor-section elementor-top-section elementor-element elementor-element-ccb415c elementor-section-boxed elementor-section-height-default elementor-section-height-default\" data-id=\"ccb415c\" data-element_type=\"section\" data-e-type=\"section\" data-settings=\"{&quot;jet_parallax_layout_list&quot;:[{&quot;jet_parallax_layout_image&quot;:{&quot;url&quot;:&quot;&quot;,&quot;id&quot;:&quot;&quot;,&quot;size&quot;:&quot;&quot;},&quot;_id&quot;:&quot;f393552&quot;,&quot;jet_parallax_layout_image_tablet&quot;:{&quot;url&quot;:&quot;&quot;,&quot;id&quot;:&quot;&quot;,&quot;size&quot;:&quot;&quot;},&quot;jet_parallax_layout_image_mobile&quot;:{&quot;url&quot;:&quot;&quot;,&quot;id&quot;:&quot;&quot;,&quot;size&quot;:&quot;&quot;},&quot;jet_parallax_layout_speed&quot;:{&quot;unit&quot;:&quot;%&quot;,&quot;size&quot;:50,&quot;sizes&quot;:[]},&quot;jet_parallax_layout_type&quot;:&quot;scroll&quot;,&quot;jet_parallax_layout_direction&quot;:&quot;1&quot;,&quot;jet_parallax_layout_fx_direction&quot;:null,&quot;jet_parallax_layout_z_index&quot;:&quot;&quot;,&quot;jet_parallax_layout_bg_x&quot;:50,&quot;jet_parallax_layout_bg_x_tablet&quot;:&quot;&quot;,&quot;jet_parallax_layout_bg_x_mobile&quot;:&quot;&quot;,&quot;jet_parallax_layout_bg_y&quot;:50,&quot;jet_parallax_layout_bg_y_tablet&quot;:&quot;&quot;,&quot;jet_parallax_layout_bg_y_mobile&quot;:&quot;&quot;,&quot;jet_parallax_layout_bg_size&quot;:&quot;auto&quot;,&quot;jet_parallax_layout_bg_size_tablet&quot;:&quot;&quot;,&quot;jet_parallax_layout_bg_size_mobile&quot;:&quot;&quot;,&quot;jet_parallax_layout_animation_prop&quot;:&quot;transform&quot;,&quot;jet_parallax_layout_on&quot;:[&quot;desktop&quot;,&quot;tablet&quot;]}]}\">\n\t\t\t\t\t\t<div class=\"elementor-container elementor-column-gap-default\">\n\t\t\t\t\t<div class=\"elementor-column elementor-col-100 elementor-top-column elementor-element elementor-element-7df42e8\" data-id=\"7df42e8\" data-element_type=\"column\" data-e-type=\"column\">\n\t\t\t<div class=\"elementor-widget-wrap elementor-element-populated\">\n\t\t\t\t\t\t<div class=\"elementor-element elementor-element-d674bc6 elementor-widget elementor-widget-heading\" data-id=\"d674bc6\" data-element_type=\"widget\" data-e-type=\"widget\" data-widget_type=\"heading.default\">\n\t\t\t\t<div class=\"elementor-widget-container\">\n\t\t\t\t\t<h2 class=\"elementor-heading-title elementor-size-xl\">(+34) 624 64 99 77    -    0034 624 64 99 77<\/h2>\t\t\t\t<\/div>\n\t\t\t\t<\/div>\n\t\t\t\t\t<\/div>\n\t\t<\/div>\n\t\t\t\t\t<\/div>\n\t\t<\/section>\n\t\t\t\t<section class=\"elementor-section elementor-top-section elementor-element elementor-element-1c5ff43 elementor-section-boxed elementor-section-height-default elementor-section-height-default\" data-id=\"1c5ff43\" data-element_type=\"section\" data-e-type=\"section\" data-settings=\"{&quot;jet_parallax_layout_list&quot;:[{&quot;jet_parallax_layout_image&quot;:{&quot;url&quot;:&quot;&quot;,&quot;id&quot;:&quot;&quot;,&quot;size&quot;:&quot;&quot;},&quot;_id&quot;:&quot;9396f47&quot;,&quot;jet_parallax_layout_image_tablet&quot;:{&quot;url&quot;:&quot;&quot;,&quot;id&quot;:&quot;&quot;,&quot;size&quot;:&quot;&quot;},&quot;jet_parallax_layout_image_mobile&quot;:{&quot;url&quot;:&quot;&quot;,&quot;id&quot;:&quot;&quot;,&quot;size&quot;:&quot;&quot;},&quot;jet_parallax_layout_speed&quot;:{&quot;unit&quot;:&quot;%&quot;,&quot;size&quot;:50,&quot;sizes&quot;:[]},&quot;jet_parallax_layout_type&quot;:&quot;scroll&quot;,&quot;jet_parallax_layout_direction&quot;:&quot;1&quot;,&quot;jet_parallax_layout_fx_direction&quot;:null,&quot;jet_parallax_layout_z_index&quot;:&quot;&quot;,&quot;jet_parallax_layout_bg_x&quot;:50,&quot;jet_parallax_layout_bg_x_tablet&quot;:&quot;&quot;,&quot;jet_parallax_layout_bg_x_mobile&quot;:&quot;&quot;,&quot;jet_parallax_layout_bg_y&quot;:50,&quot;jet_parallax_layout_bg_y_tablet&quot;:&quot;&quot;,&quot;jet_parallax_layout_bg_y_mobile&quot;:&quot;&quot;,&quot;jet_parallax_layout_bg_size&quot;:&quot;auto&quot;,&quot;jet_parallax_layout_bg_size_tablet&quot;:&quot;&quot;,&quot;jet_parallax_layout_bg_size_mobile&quot;:&quot;&quot;,&quot;jet_parallax_layout_animation_prop&quot;:&quot;transform&quot;,&quot;jet_parallax_layout_on&quot;:[&quot;desktop&quot;,&quot;tablet&quot;]}]}\">\n\t\t\t\t\t\t<div class=\"elementor-container elementor-column-gap-default\">\n\t\t\t\t\t<div class=\"elementor-column elementor-col-50 elementor-top-column elementor-element elementor-element-852c7a1\" data-id=\"852c7a1\" data-element_type=\"column\" data-e-type=\"column\">\n\t\t\t<div class=\"elementor-widget-wrap elementor-element-populated\">\n\t\t\t\t\t\t<div class=\"elementor-element elementor-element-1e2b77b elementor-widget elementor-widget-image\" data-id=\"1e2b77b\" data-element_type=\"widget\" data-e-type=\"widget\" data-widget_type=\"image.default\">\n\t\t\t\t<div class=\"elementor-widget-container\">\n\t\t\t\t\t\t\t\t\t\t\t\t\t\t\t<img fetchpriority=\"high\" decoding=\"async\" width=\"1024\" height=\"576\" src=\"https:\/\/www.costamedicalservices.com\/wp-content\/uploads\/2022\/01\/HOSPITALS-MEDICAL-CENTERS-1024x576.jpg\" class=\"attachment-large size-large wp-image-1979\" alt=\"\" srcset=\"https:\/\/www.costamedicalservices.com\/wp-content\/uploads\/2022\/01\/HOSPITALS-MEDICAL-CENTERS-1024x576.jpg 1024w, https:\/\/www.costamedicalservices.com\/wp-content\/uploads\/2022\/01\/HOSPITALS-MEDICAL-CENTERS-300x169.jpg 300w, https:\/\/www.costamedicalservices.com\/wp-content\/uploads\/2022\/01\/HOSPITALS-MEDICAL-CENTERS-768x432.jpg 768w, https:\/\/www.costamedicalservices.com\/wp-content\/uploads\/2022\/01\/HOSPITALS-MEDICAL-CENTERS-1536x864.jpg 1536w, https:\/\/www.costamedicalservices.com\/wp-content\/uploads\/2022\/01\/HOSPITALS-MEDICAL-CENTERS-150x85.jpg 150w, https:\/\/www.costamedicalservices.com\/wp-content\/uploads\/2022\/01\/HOSPITALS-MEDICAL-CENTERS.jpg 1920w, https:\/\/www.costamedicalservices.com\/wp-content\/uploads\/2022\/01\/HOSPITALS-MEDICAL-CENTERS-600x338.jpg 600w\" sizes=\"(max-width: 1024px) 100vw, 1024px\" \/>\t\t\t\t\t\t\t\t\t\t\t\t\t\t\t<\/div>\n\t\t\t\t<\/div>\n\t\t\t\t\t<\/div>\n\t\t<\/div>\n\t\t\t\t<div class=\"elementor-column elementor-col-50 elementor-top-column elementor-element elementor-element-a8c7617\" data-id=\"a8c7617\" data-element_type=\"column\" data-e-type=\"column\">\n\t\t\t<div class=\"elementor-widget-wrap elementor-element-populated\">\n\t\t\t\t\t\t<div class=\"elementor-element elementor-element-2384ca0 elementor-testimonial--skin-default elementor-testimonial--layout-image_inline elementor-testimonial--align-center elementor-arrows-yes elementor-pagination-type-bullets elementor-widget elementor-widget-testimonial-carousel\" data-id=\"2384ca0\" data-element_type=\"widget\" data-e-type=\"widget\" data-settings=\"{&quot;show_arrows&quot;:&quot;yes&quot;,&quot;pagination&quot;:&quot;bullets&quot;,&quot;speed&quot;:500,&quot;autoplay&quot;:&quot;yes&quot;,&quot;autoplay_speed&quot;:5000,&quot;loop&quot;:&quot;yes&quot;,&quot;pause_on_hover&quot;:&quot;yes&quot;,&quot;pause_on_interaction&quot;:&quot;yes&quot;,&quot;space_between&quot;:{&quot;unit&quot;:&quot;px&quot;,&quot;size&quot;:10,&quot;sizes&quot;:[]},&quot;space_between_tablet&quot;:{&quot;unit&quot;:&quot;px&quot;,&quot;size&quot;:10,&quot;sizes&quot;:[]},&quot;space_between_mobile&quot;:{&quot;unit&quot;:&quot;px&quot;,&quot;size&quot;:10,&quot;sizes&quot;:[]}}\" data-widget_type=\"testimonial-carousel.default\">\n\t\t\t\t<div class=\"elementor-widget-container\">\n\t\t\t\t\t\t\t\t\t<div class=\"elementor-swiper\">\n\t\t\t\t\t<div class=\"elementor-main-swiper swiper\" role=\"region\" aria-roledescription=\"carousel\" aria-label=\"Bildspel\">\n\t\t\t\t<div class=\"swiper-wrapper\">\n\t\t\t\t\t\t\t\t\t\t\t<div class=\"swiper-slide\" role=\"group\" aria-roledescription=\"slide\">\n\t\t\t\t\t\t\t\t\t<div class=\"elementor-testimonial\">\n\t\t\t\t\t\t\t<div class=\"elementor-testimonial__content\">\n\t\t\t\t\t<div class=\"elementor-testimonial__text\">\n\t\t\t\t\t\tAn excellent medical services offered, and all in perfect English. \t\t\t\t\t<\/div>\n\t\t\t\t\t\t\t\t\t<\/div>\n\t\t\t\t\t\t<div class=\"elementor-testimonial__footer\">\n\t\t\t\t\t\t\t\t\t<div class=\"elementor-testimonial__image\">\n\t\t\t\t\t\t<img decoding=\"async\" src=\"https:\/\/www.costamedicalservices.com\/wp-content\/uploads\/2022\/05\/55-4.png\" alt=\"James Wilson\">\n\t\t\t\t\t\t\t\t\t\t\t<\/div>\n\t\t\t\t\t\t\t\t<cite class=\"elementor-testimonial__cite\"><span class=\"elementor-testimonial__name\">James Wilson<\/span><\/cite>\t\t\t<\/div>\n\t\t<\/div>\n\t\t\t\t\t\t\t\t<\/div>\n\t\t\t\t\t\t\t\t\t\t\t<div class=\"swiper-slide\" role=\"group\" aria-roledescription=\"slide\">\n\t\t\t\t\t\t\t\t\t<div class=\"elementor-testimonial\">\n\t\t\t\t\t\t\t<div class=\"elementor-testimonial__content\">\n\t\t\t\t\t<div class=\"elementor-testimonial__text\">\n\t\t\t\t\t\tFantastisk service, hj\u00e4lpt av svensk personal som ordnade allt fr\u00e5n den akuta sjukhusvistelsen till transporten hem. Kan starkt rekomendera. \t\t\t\t\t<\/div>\n\t\t\t\t\t\t\t\t\t<\/div>\n\t\t\t\t\t\t<div class=\"elementor-testimonial__footer\">\n\t\t\t\t\t\t\t\t\t<div class=\"elementor-testimonial__image\">\n\t\t\t\t\t\t<img decoding=\"async\" src=\"https:\/\/www.costamedicalservices.com\/wp-content\/uploads\/2022\/05\/55-4.png\" alt=\"Marie Lindqvist\">\n\t\t\t\t\t\t\t\t\t\t\t<\/div>\n\t\t\t\t\t\t\t\t<cite class=\"elementor-testimonial__cite\"><span class=\"elementor-testimonial__name\">Marie Lindqvist<\/span><\/cite>\t\t\t<\/div>\n\t\t<\/div>\n\t\t\t\t\t\t\t\t<\/div>\n\t\t\t\t\t\t\t\t\t\t\t<div class=\"swiper-slide\" role=\"group\" aria-roledescription=\"slide\">\n\t\t\t\t\t\t\t\t\t<div class=\"elementor-testimonial\">\n\t\t\t\t\t\t\t<div class=\"elementor-testimonial__content\">\n\t\t\t\t\t<div class=\"elementor-testimonial__text\">\n\t\t\t\t\t\tGreat medical service offered by native English medical staff.\t\t\t\t\t<\/div>\n\t\t\t\t\t\t\t\t\t<\/div>\n\t\t\t\t\t\t<div class=\"elementor-testimonial__footer\">\n\t\t\t\t\t\t\t\t\t<div class=\"elementor-testimonial__image\">\n\t\t\t\t\t\t<img decoding=\"async\" src=\"https:\/\/www.costamedicalservices.com\/wp-content\/uploads\/2022\/05\/55-4.png\" alt=\"Jayne Anne Cole\">\n\t\t\t\t\t\t\t\t\t\t\t<\/div>\n\t\t\t\t\t\t\t\t<cite class=\"elementor-testimonial__cite\"><span class=\"elementor-testimonial__name\">Jayne Anne Cole<\/span><\/cite>\t\t\t<\/div>\n\t\t<\/div>\n\t\t\t\t\t\t\t\t<\/div>\n\t\t\t\t\t\t\t\t\t<\/div>\n\t\t\t\t\t\t\t\t\t\t\t\t\t\t\t<div class=\"elementor-swiper-button elementor-swiper-button-prev\" role=\"button\" tabindex=\"0\" aria-label=\"F\u00f6reg\u00e5ende\">\n\t\t\t\t\t\t\t<i aria-hidden=\"true\" class=\"eicon-chevron-left\"><\/i>\t\t\t\t\t\t<\/div>\n\t\t\t\t\t\t<div class=\"elementor-swiper-button elementor-swiper-button-next\" role=\"button\" tabindex=\"0\" aria-label=\"N\u00e4sta\">\n\t\t\t\t\t\t\t<i aria-hidden=\"true\" class=\"eicon-chevron-right\"><\/i>\t\t\t\t\t\t<\/div>\n\t\t\t\t\t\t\t\t\t\t\t\t\t\t\t\t<div class=\"swiper-pagination\"><\/div>\n\t\t\t\t\t\t\t\t\t\t\t\t<\/div>\n\t\t\t\t<\/div>\n\t\t\t\t\t\t\t\t<\/div>\n\t\t\t\t<\/div>\n\t\t\t\t\t<\/div>\n\t\t<\/div>\n\t\t\t\t\t<\/div>\n\t\t<\/section>\n\t\t\t\t<\/div>\n\t\t","protected":false},"excerpt":{"rendered":"<p>F\u00f6r AKUT hj\u00e4lp p\u00e5 engelska \/ svenska ring 24\/7: (+34) 624 64 99 77 &#8211; 0034 624 64 99 77 An excellent medical services offered, and all in perfect English. James Wilson Fantastisk service, hj\u00e4lpt av svensk personal som ordnade allt fr\u00e5n den akuta sjukhusvistelsen till transporten hem. Kan starkt rekomendera. Marie Lindqvist Great medical [&hellip;]<\/p>\n","protected":false},"author":4,"featured_media":0,"parent":0,"menu_order":0,"comment_status":"closed","ping_status":"closed","template":"","meta":{"_monsterinsights_skip_tracking":false,"_monsterinsights_sitenote_active":false,"_monsterinsights_sitenote_note":"","_monsterinsights_sitenote_category":0,"footnotes":""},"class_list":["post-2216","page","type-page","status-publish","hentry"],"yoast_head":"<!-- This site is optimized with the Yoast SEO plugin v27.5 - https:\/\/yoast.com\/product\/yoast-seo-wordpress\/ -->\n<title>SOS - English Speaking Doctor<\/title>\n<meta name=\"robots\" content=\"index, follow, max-snippet:-1, max-image-preview:large, max-video-preview:-1\" \/>\n<link rel=\"canonical\" href=\"https:\/\/www.costamedicalservices.com\/sv\/sos\/\" \/>\n<meta property=\"og:locale\" content=\"sv_SE\" \/>\n<meta property=\"og:type\" content=\"article\" \/>\n<meta property=\"og:title\" content=\"SOS - English Speaking Doctor\" \/>\n<meta property=\"og:description\" content=\"F\u00f6r AKUT hj\u00e4lp p\u00e5 engelska \/ svenska ring 24\/7: (+34) 624 64 99 77 &#8211; 0034 624 64 99 77 An excellent medical services offered, and all in perfect English. James Wilson Fantastisk service, hj\u00e4lpt av svensk personal som ordnade allt fr\u00e5n den akuta sjukhusvistelsen till transporten hem. Kan starkt rekomendera. Marie Lindqvist Great medical [&hellip;]\" \/>\n<meta property=\"og:url\" content=\"https:\/\/www.costamedicalservices.com\/sv\/sos\/\" \/>\n<meta property=\"og:site_name\" content=\"English Speaking Doctor\" \/>\n<meta property=\"article:modified_time\" content=\"2022-05-07T12:09:05+00:00\" \/>\n<meta property=\"og:image\" content=\"https:\/\/www.costamedicalservices.com\/wp-content\/uploads\/2022\/01\/HOSPITALS-MEDICAL-CENTERS-1024x576.jpg\" \/>\n<meta name=\"twitter:card\" content=\"summary_large_image\" \/>\n<script type=\"application\/ld+json\" class=\"yoast-schema-graph\">{\"@context\":\"https:\\\/\\\/schema.org\",\"@graph\":[{\"@type\":\"WebPage\",\"@id\":\"https:\\\/\\\/www.costamedicalservices.com\\\/sv\\\/sos\\\/\",\"url\":\"https:\\\/\\\/www.costamedicalservices.com\\\/sv\\\/sos\\\/\",\"name\":\"SOS - English Speaking Doctor\",\"isPartOf\":{\"@id\":\"https:\\\/\\\/www.costamedicalservices.com\\\/#website\"},\"primaryImageOfPage\":{\"@id\":\"https:\\\/\\\/www.costamedicalservices.com\\\/sv\\\/sos\\\/#primaryimage\"},\"image\":{\"@id\":\"https:\\\/\\\/www.costamedicalservices.com\\\/sv\\\/sos\\\/#primaryimage\"},\"thumbnailUrl\":\"https:\\\/\\\/www.costamedicalservices.com\\\/wp-content\\\/uploads\\\/2022\\\/01\\\/HOSPITALS-MEDICAL-CENTERS-1024x576.jpg\",\"datePublished\":\"2022-05-07T11:53:58+00:00\",\"dateModified\":\"2022-05-07T12:09:05+00:00\",\"breadcrumb\":{\"@id\":\"https:\\\/\\\/www.costamedicalservices.com\\\/sv\\\/sos\\\/#breadcrumb\"},\"inLanguage\":\"sv-SE\",\"potentialAction\":[{\"@type\":\"ReadAction\",\"target\":[\"https:\\\/\\\/www.costamedicalservices.com\\\/sv\\\/sos\\\/\"]}]},{\"@type\":\"ImageObject\",\"inLanguage\":\"sv-SE\",\"@id\":\"https:\\\/\\\/www.costamedicalservices.com\\\/sv\\\/sos\\\/#primaryimage\",\"url\":\"https:\\\/\\\/www.costamedicalservices.com\\\/wp-content\\\/uploads\\\/2022\\\/01\\\/HOSPITALS-MEDICAL-CENTERS-1024x576.jpg\",\"contentUrl\":\"https:\\\/\\\/www.costamedicalservices.com\\\/wp-content\\\/uploads\\\/2022\\\/01\\\/HOSPITALS-MEDICAL-CENTERS-1024x576.jpg\"},{\"@type\":\"BreadcrumbList\",\"@id\":\"https:\\\/\\\/www.costamedicalservices.com\\\/sv\\\/sos\\\/#breadcrumb\",\"itemListElement\":[{\"@type\":\"ListItem\",\"position\":1,\"name\":\"Home\",\"item\":\"https:\\\/\\\/www.costamedicalservices.com\\\/sv\\\/\"},{\"@type\":\"ListItem\",\"position\":2,\"name\":\"SOS\"}]},{\"@type\":\"WebSite\",\"@id\":\"https:\\\/\\\/www.costamedicalservices.com\\\/#website\",\"url\":\"https:\\\/\\\/www.costamedicalservices.com\\\/\",\"name\":\"English Speaking Doctor\",\"description\":\"English Speaking Doctor\",\"publisher\":{\"@id\":\"https:\\\/\\\/www.costamedicalservices.com\\\/#organization\"},\"potentialAction\":[{\"@type\":\"SearchAction\",\"target\":{\"@type\":\"EntryPoint\",\"urlTemplate\":\"https:\\\/\\\/www.costamedicalservices.com\\\/?s={search_term_string}\"},\"query-input\":{\"@type\":\"PropertyValueSpecification\",\"valueRequired\":true,\"valueName\":\"search_term_string\"}}],\"inLanguage\":\"sv-SE\"},{\"@type\":\"Organization\",\"@id\":\"https:\\\/\\\/www.costamedicalservices.com\\\/#organization\",\"name\":\"English Speaking Doctor\",\"url\":\"https:\\\/\\\/www.costamedicalservices.com\\\/\",\"logo\":{\"@type\":\"ImageObject\",\"inLanguage\":\"sv-SE\",\"@id\":\"https:\\\/\\\/www.costamedicalservices.com\\\/#\\\/schema\\\/logo\\\/image\\\/\",\"url\":\"https:\\\/\\\/www.costamedicalservices.com\\\/wp-content\\\/uploads\\\/2021\\\/12\\\/cropped-logo-bright.png\",\"contentUrl\":\"https:\\\/\\\/www.costamedicalservices.com\\\/wp-content\\\/uploads\\\/2021\\\/12\\\/cropped-logo-bright.png\",\"width\":343,\"height\":347,\"caption\":\"English Speaking Doctor\"},\"image\":{\"@id\":\"https:\\\/\\\/www.costamedicalservices.com\\\/#\\\/schema\\\/logo\\\/image\\\/\"}}]}<\/script>\n<!-- \/ Yoast SEO plugin. -->","yoast_head_json":{"title":"SOS - English Speaking Doctor","robots":{"index":"index","follow":"follow","max-snippet":"max-snippet:-1","max-image-preview":"max-image-preview:large","max-video-preview":"max-video-preview:-1"},"canonical":"https:\/\/www.costamedicalservices.com\/sv\/sos\/","og_locale":"sv_SE","og_type":"article","og_title":"SOS - English Speaking Doctor","og_description":"F\u00f6r AKUT hj\u00e4lp p\u00e5 engelska \/ svenska ring 24\/7: (+34) 624 64 99 77 &#8211; 0034 624 64 99 77 An excellent medical services offered, and all in perfect English. James Wilson Fantastisk service, hj\u00e4lpt av svensk personal som ordnade allt fr\u00e5n den akuta sjukhusvistelsen till transporten hem. Kan starkt rekomendera. Marie Lindqvist Great medical [&hellip;]","og_url":"https:\/\/www.costamedicalservices.com\/sv\/sos\/","og_site_name":"English Speaking Doctor","article_modified_time":"2022-05-07T12:09:05+00:00","og_image":[{"url":"https:\/\/www.costamedicalservices.com\/wp-content\/uploads\/2022\/01\/HOSPITALS-MEDICAL-CENTERS-1024x576.jpg","type":"","width":"","height":""}],"twitter_card":"summary_large_image","schema":{"@context":"https:\/\/schema.org","@graph":[{"@type":"WebPage","@id":"https:\/\/www.costamedicalservices.com\/sv\/sos\/","url":"https:\/\/www.costamedicalservices.com\/sv\/sos\/","name":"SOS - English Speaking Doctor","isPartOf":{"@id":"https:\/\/www.costamedicalservices.com\/#website"},"primaryImageOfPage":{"@id":"https:\/\/www.costamedicalservices.com\/sv\/sos\/#primaryimage"},"image":{"@id":"https:\/\/www.costamedicalservices.com\/sv\/sos\/#primaryimage"},"thumbnailUrl":"https:\/\/www.costamedicalservices.com\/wp-content\/uploads\/2022\/01\/HOSPITALS-MEDICAL-CENTERS-1024x576.jpg","datePublished":"2022-05-07T11:53:58+00:00","dateModified":"2022-05-07T12:09:05+00:00","breadcrumb":{"@id":"https:\/\/www.costamedicalservices.com\/sv\/sos\/#breadcrumb"},"inLanguage":"sv-SE","potentialAction":[{"@type":"ReadAction","target":["https:\/\/www.costamedicalservices.com\/sv\/sos\/"]}]},{"@type":"ImageObject","inLanguage":"sv-SE","@id":"https:\/\/www.costamedicalservices.com\/sv\/sos\/#primaryimage","url":"https:\/\/www.costamedicalservices.com\/wp-content\/uploads\/2022\/01\/HOSPITALS-MEDICAL-CENTERS-1024x576.jpg","contentUrl":"https:\/\/www.costamedicalservices.com\/wp-content\/uploads\/2022\/01\/HOSPITALS-MEDICAL-CENTERS-1024x576.jpg"},{"@type":"BreadcrumbList","@id":"https:\/\/www.costamedicalservices.com\/sv\/sos\/#breadcrumb","itemListElement":[{"@type":"ListItem","position":1,"name":"Home","item":"https:\/\/www.costamedicalservices.com\/sv\/"},{"@type":"ListItem","position":2,"name":"SOS"}]},{"@type":"WebSite","@id":"https:\/\/www.costamedicalservices.com\/#website","url":"https:\/\/www.costamedicalservices.com\/","name":"English Speaking Doctor","description":"English Speaking Doctor","publisher":{"@id":"https:\/\/www.costamedicalservices.com\/#organization"},"potentialAction":[{"@type":"SearchAction","target":{"@type":"EntryPoint","urlTemplate":"https:\/\/www.costamedicalservices.com\/?s={search_term_string}"},"query-input":{"@type":"PropertyValueSpecification","valueRequired":true,"valueName":"search_term_string"}}],"inLanguage":"sv-SE"},{"@type":"Organization","@id":"https:\/\/www.costamedicalservices.com\/#organization","name":"English Speaking Doctor","url":"https:\/\/www.costamedicalservices.com\/","logo":{"@type":"ImageObject","inLanguage":"sv-SE","@id":"https:\/\/www.costamedicalservices.com\/#\/schema\/logo\/image\/","url":"https:\/\/www.costamedicalservices.com\/wp-content\/uploads\/2021\/12\/cropped-logo-bright.png","contentUrl":"https:\/\/www.costamedicalservices.com\/wp-content\/uploads\/2021\/12\/cropped-logo-bright.png","width":343,"height":347,"caption":"English Speaking Doctor"},"image":{"@id":"https:\/\/www.costamedicalservices.com\/#\/schema\/logo\/image\/"}}]}},"_links":{"self":[{"href":"https:\/\/www.costamedicalservices.com\/sv\/wp-json\/wp\/v2\/pages\/2216","targetHints":{"allow":["GET"]}}],"collection":[{"href":"https:\/\/www.costamedicalservices.com\/sv\/wp-json\/wp\/v2\/pages"}],"about":[{"href":"https:\/\/www.costamedicalservices.com\/sv\/wp-json\/wp\/v2\/types\/page"}],"author":[{"embeddable":true,"href":"https:\/\/www.costamedicalservices.com\/sv\/wp-json\/wp\/v2\/users\/4"}],"replies":[{"embeddable":true,"href":"https:\/\/www.costamedicalservices.com\/sv\/wp-json\/wp\/v2\/comments?post=2216"}],"version-history":[{"count":1,"href":"https:\/\/www.costamedicalservices.com\/sv\/wp-json\/wp\/v2\/pages\/2216\/revisions"}],"predecessor-version":[{"id":2217,"href":"https:\/\/www.costamedicalservices.com\/sv\/wp-json\/wp\/v2\/pages\/2216\/revisions\/2217"}],"wp:attachment":[{"href":"https:\/\/www.costamedicalservices.com\/sv\/wp-json\/wp\/v2\/media?parent=2216"}],"curies":[{"name":"wp","href":"https:\/\/api.w.org\/{rel}","templated":true}]}}